{"id":10771,"date":"2025-12-18T09:46:36","date_gmt":"2025-12-18T09:46:36","guid":{"rendered":"https:\/\/xn--saman-1qa.com\/?post_type=product&#038;p=10771"},"modified":"2026-01-05T04:36:42","modified_gmt":"2026-01-05T04:36:42","slug":"-33","status":"publish","type":"product","link":"https:\/\/xn--saman-1qa.com\/cs\/prohlidka\/-33\/","title":{"rendered":"Punta Cana: P\u00e1rty na katamar\u00e1nu s neomezen\u00fdm mno\u017estv\u00edm n\u00e1poj\u016f"},"content":{"rendered":"<p><strong>Punta Cana: P\u00e1rty na katamar\u00e1nu s neomezen\u00fdm mno\u017estv\u00edm n\u00e1poj\u016f<\/strong><\/p>\n<p>Vydejte se na nezapomenuteln\u00e9 p\u016fldenn\u00ed dobrodru\u017estv\u00ed s na\u0161\u00ed vzru\u0161uj\u00edc\u00ed plavbou na p\u00e1rty lodi pod\u00e9l \u00fachvatn\u00e9ho pob\u0159e\u017e\u00ed Punta Cany. V\u00e1\u0161 znal\u00fd pr\u016fvodce v\u00e1s vybav\u00ed \u0161pi\u010dkov\u00fdm \u0161norchlovac\u00edm vybaven\u00edm a umo\u017en\u00ed v\u00e1m pono\u0159it se do fascinuj\u00edc\u00edho podmo\u0159sk\u00e9ho sv\u011bta Karibiku. Pot\u00e9 v\u00e1s zavedeme ke klidn\u00e9mu p\u0159\u00edrodn\u00edmu oce\u00e1nsk\u00e9mu baz\u00e9nu, kde m\u016f\u017eete relaxovat a kochat se n\u00e1dhern\u00fdm okol\u00edm.<\/p>\n<p>B\u011bhem plavby budete m\u00edt p\u0159\u00edle\u017eitost z\u00fa\u010dastnit se r\u016fzn\u00fdch vodn\u00edch aktivit a pln\u011b si vychutnat \u017eivou a slavnostn\u00ed atmosf\u00e9ru na palub\u011b. N\u00e1\u0161 otev\u0159en\u00fd bar v\u00e1s osv\u011b\u017e\u00ed \u0161irokou nab\u00eddkou n\u00e1poj\u016f, zat\u00edmco budete tan\u010dit, bavit se a vytv\u00e1\u0159et nezapomenuteln\u00e9 vzpom\u00ednky. \u017divou a energickou atmosf\u00e9ru je\u0161t\u011b v\u00edce umocn\u00ed optimistick\u00e1 hudba, kter\u00e1 bude hr\u00e1t na cest\u011b zp\u011bt do p\u0159\u00edstavu.<\/p>\n<p>Mezi hlavn\u00ed body prohl\u00eddky pat\u0159\u00ed:<\/p>\n<p>- \u0160norchlov\u00e1n\u00ed v nedot\u010den\u00fdch vod\u00e1ch Punta Cany s poskytnut\u00fdm vybaven\u00edm.<\/p>\n<p>- Oslavy na palub\u011b s nep\u0159etr\u017eitou hudbou, tancem a otev\u0159en\u00fdm barem.<\/p>\n<p>- Relaxace v p\u0159\u00edrodn\u00edm oce\u00e1nsk\u00e9m baz\u00e9nu a jedine\u010dn\u00fd vodn\u00ed z\u00e1\u017eitek.<\/p>\n<p>- Nas\u00e1vejte energickou atmosf\u00e9ru, kter\u00e1 je ide\u00e1ln\u00ed pro ka\u017edou ud\u00e1lost, od ve\u010d\u00edrk\u016f a\u017e po svatby.<\/p>","protected":false},"excerpt":{"rendered":"<div data-track=\"overview\" data-v-83a2b402=\"\">\n<section id=\"activity-overview\" class=\"activity-overview\" data-component=\"overview\" data-v-83a2b402=\"\" data-v-f3236c42=\"\">\n<p class=\"activity-overview__content\" data-test-id=\"activity-overview-content\" data-v-f3236c42=\"\">Vydejte se na slavnostn\u00ed p\u016fldenn\u00ed plavbu na p\u00e1rty lodi pod\u00e9l pob\u0159e\u017e\u00ed Punta Cany se \u0161norchlov\u00e1n\u00edm, otev\u0159en\u00fdm barem, hudbou a koup\u00e1n\u00edm v p\u0159\u00edrodn\u00edm oce\u00e1nsk\u00e9m baz\u00e9nu.<\/p>\n<\/section>\n<\/div>\n<div data-track=\"key-details\" data-v-83a2b402=\"\"><\/div>","protected":false},"featured_media":10678,"template":"","meta":[],"product_brand":[],"product_cat":[97],"product_tag":[101,102],"class_list":{"0":"post-10771","1":"product","2":"type-product","3":"status-publish","4":"has-post-thumbnail","6":"product_cat-dominican-republic","7":"product_tag-excursion","8":"product_tag-tour","10":"first","11":"instock","12":"sale","13":"shipping-taxable","14":"product-type-external"},"_links":{"self":[{"href":"https:\/\/xn--saman-1qa.com\/cs\/wp-json\/wp\/v2\/product\/10771","targetHints":{"allow":["GET"]}}],"collection":[{"href":"https:\/\/xn--saman-1qa.com\/cs\/wp-json\/wp\/v2\/product"}],"about":[{"href":"https:\/\/xn--saman-1qa.com\/cs\/wp-json\/wp\/v2\/types\/product"}],"wp:featuredmedia":[{"embeddable":true,"href":"https:\/\/xn--saman-1qa.com\/cs\/wp-json\/wp\/v2\/media\/10678"}],"wp:attachment":[{"href":"https:\/\/xn--saman-1qa.com\/cs\/wp-json\/wp\/v2\/media?parent=10771"}],"wp:term":[{"taxonomy":"product_brand","embeddable":true,"href":"https:\/\/xn--saman-1qa.com\/cs\/wp-json\/wp\/v2\/product_brand?post=10771"},{"taxonomy":"product_cat","embeddable":true,"href":"https:\/\/xn--saman-1qa.com\/cs\/wp-json\/wp\/v2\/product_cat?post=10771"},{"taxonomy":"product_tag","embeddable":true,"href":"https:\/\/xn--saman-1qa.com\/cs\/wp-json\/wp\/v2\/product_tag?post=10771"}],"curies":[{"name":"wp","href":"https:\/\/api.w.org\/{rel}","templated":true}]}}